{"id":3271,"date":"2025-05-05T10:05:05","date_gmt":"2025-05-05T10:05:05","guid":{"rendered":"https:\/\/miligram50.miligram.pt\/?post_type=product&#038;p=3271"},"modified":"2025-11-07T10:20:54","modified_gmt":"2025-11-07T10:20:54","slug":"bottes-dequitation-wels-noir","status":"publish","type":"product","link":"https:\/\/chesterboots.pt\/fr\/produit\/bottes-dequitation-wels-noir\/","title":{"rendered":"Bottes d&rsquo;\u00c9quitation Wels Noir"},"content":{"rendered":"<p>Fabriqu\u00e9es en cuir bovin de haute qualit\u00e9, les bottes d\u2019\u00e9quitation Wels sont con\u00e7ues pour les cavaliers de dressage \u00e0 la recherche d\u2019un style classique et tout aussi \u00e9l\u00e9gant.<br \/>\nLe panneau en cuir grip rigide sur le c\u00f4t\u00e9 int\u00e9rieur est la caract\u00e9ristique cl\u00e9 de ce produit. De plus, l\u2019\u00e9lastique assure un ajustement parfait aux jambes du cavalier.<br \/>\nLa semelle combine cuir et caoutchouc, et est encore plus r\u00e9sistante gr\u00e2ce \u00e0 la couture Blake.<\/p>\n","protected":false},"excerpt":{"rendered":"<p>Fabriqu\u00e9es en cuir bovin de haute qualit\u00e9, les bottes d\u2019\u00e9quitation Wels sont con\u00e7ues pour les cavaliers de dressage \u00e0 la recherche d\u2019un style classique et tout aussi \u00e9l\u00e9gant. Le panneau en cuir grip rigide sur le c\u00f4t\u00e9 int\u00e9rieur est la caract\u00e9ristique cl\u00e9 de ce produit. De plus, l\u2019\u00e9lastique assure un ajustement parfait aux jambes du [&hellip;]<\/p>\n","protected":false},"featured_media":3294,"template":"","meta":{"_acf_changed":false},"product_brand":[],"product_cat":[219],"product_tag":[730],"class_list":{"0":"post-3271","1":"product","2":"type-product","3":"status-publish","4":"has-post-thumbnail","6":"product_cat-bottes-d-equitation","7":"product_tag-bottes-de-dressage","9":"first","10":"instock","11":"shipping-taxable","12":"purchasable","13":"product-type-variable"},"acf":[],"_links":{"self":[{"href":"https:\/\/chesterboots.pt\/fr\/wp-json\/wp\/v2\/product\/3271","targetHints":{"allow":["GET"]}}],"collection":[{"href":"https:\/\/chesterboots.pt\/fr\/wp-json\/wp\/v2\/product"}],"about":[{"href":"https:\/\/chesterboots.pt\/fr\/wp-json\/wp\/v2\/types\/product"}],"wp:featuredmedia":[{"embeddable":true,"href":"https:\/\/chesterboots.pt\/fr\/wp-json\/wp\/v2\/media\/3294"}],"wp:attachment":[{"href":"https:\/\/chesterboots.pt\/fr\/wp-json\/wp\/v2\/media?parent=3271"}],"wp:term":[{"taxonomy":"product_brand","embeddable":true,"href":"https:\/\/chesterboots.pt\/fr\/wp-json\/wp\/v2\/product_brand?post=3271"},{"taxonomy":"product_cat","embeddable":true,"href":"https:\/\/chesterboots.pt\/fr\/wp-json\/wp\/v2\/product_cat?post=3271"},{"taxonomy":"product_tag","embeddable":true,"href":"https:\/\/chesterboots.pt\/fr\/wp-json\/wp\/v2\/product_tag?post=3271"}],"curies":[{"name":"wp","href":"https:\/\/api.w.org\/{rel}","templated":true}]}}