{"id":9456,"date":"2026-05-08T10:28:50","date_gmt":"2026-05-08T10:28:50","guid":{"rendered":"https:\/\/chesterboots.pt\/?post_type=product&#038;p=9456"},"modified":"2026-05-08T10:28:57","modified_gmt":"2026-05-08T10:28:57","slug":"gift-card-25e","status":"publish","type":"product","link":"https:\/\/chesterboots.pt\/fr\/produit\/gift-card-25e\/","title":{"rendered":"Gift Card 25\u20ac"},"content":{"rendered":"<p><span style=\"font-weight: 300;\">Format num\u00e9rique envoy\u00e9 par e-mail imm\u00e9diatement apr\u00e8s le paiement.<\/span><\/p>\n<p><span style=\"font-weight: 300;\">Possibilit\u00e9 d&rsquo;ajouter un message personnalis\u00e9.<\/span><\/p>\n<p><span style=\"font-weight: 300;\">Code unique \u00e0 utiliser directement lors du paiement.<br \/>\n<\/span><\/p>\n<p><span style=\"font-weight: 300;\">Valable pendant 12 mois \u00e0 compter de la date d&rsquo;achat.<\/span><\/p>\n<p><span style=\"font-weight: 300;\">Non cumulable avec d&rsquo;autres promotions, r\u00e9ductions ou bons de r\u00e9duction<\/span><\/p>\n","protected":false},"excerpt":{"rendered":"<p>Format num\u00e9rique envoy\u00e9 par e-mail imm\u00e9diatement apr\u00e8s le paiement. Possibilit\u00e9 d&rsquo;ajouter un message personnalis\u00e9. Code unique \u00e0 utiliser directement lors du paiement. Valable pendant 12 mois \u00e0 compter de la date d&rsquo;achat. Non cumulable avec d&rsquo;autres promotions, r\u00e9ductions ou bons de r\u00e9duction<\/p>\n","protected":false},"featured_media":9595,"template":"","meta":{"_acf_changed":false},"product_brand":[],"product_cat":[914],"product_tag":[],"class_list":{"0":"post-9456","1":"product","2":"type-product","3":"status-publish","4":"has-post-thumbnail","6":"product_cat-gift-card","8":"first","9":"instock","10":"virtual","11":"purchasable","12":"product-type-simple"},"acf":[],"_links":{"self":[{"href":"https:\/\/chesterboots.pt\/fr\/wp-json\/wp\/v2\/product\/9456","targetHints":{"allow":["GET"]}}],"collection":[{"href":"https:\/\/chesterboots.pt\/fr\/wp-json\/wp\/v2\/product"}],"about":[{"href":"https:\/\/chesterboots.pt\/fr\/wp-json\/wp\/v2\/types\/product"}],"wp:featuredmedia":[{"embeddable":true,"href":"https:\/\/chesterboots.pt\/fr\/wp-json\/wp\/v2\/media\/9595"}],"wp:attachment":[{"href":"https:\/\/chesterboots.pt\/fr\/wp-json\/wp\/v2\/media?parent=9456"}],"wp:term":[{"taxonomy":"product_brand","embeddable":true,"href":"https:\/\/chesterboots.pt\/fr\/wp-json\/wp\/v2\/product_brand?post=9456"},{"taxonomy":"product_cat","embeddable":true,"href":"https:\/\/chesterboots.pt\/fr\/wp-json\/wp\/v2\/product_cat?post=9456"},{"taxonomy":"product_tag","embeddable":true,"href":"https:\/\/chesterboots.pt\/fr\/wp-json\/wp\/v2\/product_tag?post=9456"}],"curies":[{"name":"wp","href":"https:\/\/api.w.org\/{rel}","templated":true}]}}